{"id":322,"date":"2024-03-14T15:42:10","date_gmt":"2024-03-14T15:42:10","guid":{"rendered":"https:\/\/manuelm113.sg-host.com\/?page_id=322"},"modified":"2024-03-14T16:05:10","modified_gmt":"2024-03-14T16:05:10","slug":"prensa","status":"publish","type":"page","link":"https:\/\/araia.es\/en\/prensa\/","title":{"rendered":"Prensa"},"content":{"rendered":"<div data-elementor-type=\"wp-page\" data-elementor-id=\"322\" class=\"elementor elementor-322\" data-elementor-post-type=\"page\">\n\t\t\t\t<div class=\"elementor-element elementor-element-8263453 e-flex e-con-boxed e-con e-parent\" data-id=\"8263453\" data-element_type=\"container\" data-settings=\"{&quot;background_background&quot;:&quot;classic&quot;}\">\n\t\t\t\t\t<div class=\"e-con-inner\">\n\t\t\t\t<div class=\"elementor-element elementor-element-a128c11 elementor-widget elementor-widget-spacer\" data-id=\"a128c11\" data-element_type=\"widget\" data-widget_type=\"spacer.default\">\n\t\t\t\t<div class=\"elementor-widget-container\">\n\t\t\t\t\t\t\t<div class=\"elementor-spacer\">\n\t\t\t<div class=\"elementor-spacer-inner\"><\/div>\n\t\t<\/div>\n\t\t\t\t\t\t<\/div>\n\t\t\t\t<\/div>\n\t\t\t\t<div class=\"elementor-element elementor-element-9dd1757 elementor-widget elementor-widget-heading\" data-id=\"9dd1757\" data-element_type=\"widget\" data-widget_type=\"heading.default\">\n\t\t\t\t<div class=\"elementor-widget-container\">\n\t\t\t\t\t<h2 class=\"elementor-heading-title elementor-size-default\">Prensa<\/h2>\t\t\t\t<\/div>\n\t\t\t\t<\/div>\n\t\t\t\t<div class=\"elementor-element elementor-element-b2cbdf2 elementor-widget elementor-widget-spacer\" data-id=\"b2cbdf2\" data-element_type=\"widget\" data-widget_type=\"spacer.default\">\n\t\t\t\t<div class=\"elementor-widget-container\">\n\t\t\t\t\t\t\t<div class=\"elementor-spacer\">\n\t\t\t<div class=\"elementor-spacer-inner\"><\/div>\n\t\t<\/div>\n\t\t\t\t\t\t<\/div>\n\t\t\t\t<\/div>\n\t\t\t\t\t<\/div>\n\t\t\t\t<\/div>\n\t\t<div class=\"elementor-element elementor-element-d718ae9 e-flex e-con-boxed e-con e-parent\" data-id=\"d718ae9\" data-element_type=\"container\" data-settings=\"{&quot;background_background&quot;:&quot;classic&quot;}\">\n\t\t\t\t\t<div class=\"e-con-inner\">\n\t\t<div class=\"elementor-element elementor-element-e6bfb68 e-con-full e-flex e-con e-child\" data-id=\"e6bfb68\" data-element_type=\"container\">\n\t\t\t\t<div class=\"elementor-element elementor-element-70e62ca elementor-widget elementor-widget-image\" data-id=\"70e62ca\" data-element_type=\"widget\" data-widget_type=\"image.default\">\n\t\t\t\t<div class=\"elementor-widget-container\">\n\t\t\t\t\t\t\t\t\t\t\t\t\t\t\t<img fetchpriority=\"high\" decoding=\"async\" width=\"898\" height=\"1024\" src=\"https:\/\/araia.es\/wp-content\/uploads\/2024\/03\/Capturadepantalla2022-09-30alas13.05.18-898x1024.png\" class=\"attachment-large size-large wp-image-326\" alt=\"\" srcset=\"https:\/\/araia.es\/wp-content\/uploads\/2024\/03\/Capturadepantalla2022-09-30alas13.05.18-898x1024.png 898w, https:\/\/araia.es\/wp-content\/uploads\/2024\/03\/Capturadepantalla2022-09-30alas13.05.18-263x300.png 263w, https:\/\/araia.es\/wp-content\/uploads\/2024\/03\/Capturadepantalla2022-09-30alas13.05.18-768x876.png 768w, https:\/\/araia.es\/wp-content\/uploads\/2024\/03\/Capturadepantalla2022-09-30alas13.05.18-1347x1536.png 1347w, https:\/\/araia.es\/wp-content\/uploads\/2024\/03\/Capturadepantalla2022-09-30alas13.05.18.png 1440w\" sizes=\"(max-width: 898px) 100vw, 898px\" \/>\t\t\t\t\t\t\t\t\t\t\t\t\t\t\t<\/div>\n\t\t\t\t<\/div>\n\t\t\t\t<\/div>\n\t\t<div class=\"elementor-element elementor-element-cfefb7f e-con-full e-flex e-con e-child\" data-id=\"cfefb7f\" data-element_type=\"container\">\n\t\t\t\t<div class=\"elementor-element elementor-element-0fd6e27 elementor-widget elementor-widget-heading\" data-id=\"0fd6e27\" data-element_type=\"widget\" data-widget_type=\"heading.default\">\n\t\t\t\t<div class=\"elementor-widget-container\">\n\t\t\t\t\t<h2 class=\"elementor-heading-title elementor-size-default\">FORBES<\/h2>\t\t\t\t<\/div>\n\t\t\t\t<\/div>\n\t\t\t\t<\/div>\n\t\t\t\t\t<\/div>\n\t\t\t\t<\/div>\n\t\t<div class=\"elementor-element elementor-element-50f11f6 e-flex e-con-boxed e-con e-parent\" data-id=\"50f11f6\" data-element_type=\"container\" data-settings=\"{&quot;background_background&quot;:&quot;classic&quot;}\">\n\t\t\t\t\t<div class=\"e-con-inner\">\n\t\t<div class=\"elementor-element elementor-element-5099451 e-con-full e-flex e-con e-child\" data-id=\"5099451\" data-element_type=\"container\">\n\t\t\t\t<div class=\"elementor-element elementor-element-589854b elementor-widget elementor-widget-image\" data-id=\"589854b\" data-element_type=\"widget\" data-widget_type=\"image.default\">\n\t\t\t\t<div class=\"elementor-widget-container\">\n\t\t\t\t\t\t\t\t\t\t\t\t\t\t\t<img decoding=\"async\" width=\"1024\" height=\"696\" src=\"https:\/\/araia.es\/wp-content\/uploads\/2024\/03\/Capturadepantalla2023-02-02alas10.17.07-1024x696.png\" class=\"attachment-large size-large wp-image-327\" alt=\"\" srcset=\"https:\/\/araia.es\/wp-content\/uploads\/2024\/03\/Capturadepantalla2023-02-02alas10.17.07-1024x696.png 1024w, https:\/\/araia.es\/wp-content\/uploads\/2024\/03\/Capturadepantalla2023-02-02alas10.17.07-300x204.png 300w, https:\/\/araia.es\/wp-content\/uploads\/2024\/03\/Capturadepantalla2023-02-02alas10.17.07-768x522.png 768w, https:\/\/araia.es\/wp-content\/uploads\/2024\/03\/Capturadepantalla2023-02-02alas10.17.07-1536x1044.png 1536w, https:\/\/araia.es\/wp-content\/uploads\/2024\/03\/Capturadepantalla2023-02-02alas10.17.07.png 1692w\" sizes=\"(max-width: 1024px) 100vw, 1024px\" \/>\t\t\t\t\t\t\t\t\t\t\t\t\t\t\t<\/div>\n\t\t\t\t<\/div>\n\t\t\t\t<\/div>\n\t\t<div class=\"elementor-element elementor-element-27eae45 e-con-full e-flex e-con e-child\" data-id=\"27eae45\" data-element_type=\"container\">\n\t\t\t\t<div class=\"elementor-element elementor-element-c2f4bb7 elementor-widget elementor-widget-heading\" data-id=\"c2f4bb7\" data-element_type=\"widget\" data-widget_type=\"heading.default\">\n\t\t\t\t<div class=\"elementor-widget-container\">\n\t\t\t\t\t<h2 class=\"elementor-heading-title elementor-size-default\">COND\u00c9 NAST TRAVELLER<\/h2>\t\t\t\t<\/div>\n\t\t\t\t<\/div>\n\t\t\t\t<\/div>\n\t\t\t\t\t<\/div>\n\t\t\t\t<\/div>\n\t\t<div class=\"elementor-element elementor-element-93aca68 e-flex e-con-boxed e-con e-parent\" data-id=\"93aca68\" data-element_type=\"container\" data-settings=\"{&quot;background_background&quot;:&quot;classic&quot;}\">\n\t\t\t\t\t<div class=\"e-con-inner\">\n\t\t<div class=\"elementor-element elementor-element-9fdae83 e-con-full e-flex e-con e-child\" data-id=\"9fdae83\" data-element_type=\"container\">\n\t\t\t\t<div class=\"elementor-element elementor-element-e91bc7c elementor-widget elementor-widget-image\" data-id=\"e91bc7c\" data-element_type=\"widget\" data-widget_type=\"image.default\">\n\t\t\t\t<div class=\"elementor-widget-container\">\n\t\t\t\t\t\t\t\t\t\t\t\t\t\t\t<img decoding=\"async\" width=\"1024\" height=\"554\" src=\"https:\/\/araia.es\/wp-content\/uploads\/2024\/03\/Capturadepantalla2023-12-27alas9.56.10-1024x554.png\" class=\"attachment-large size-large wp-image-328\" alt=\"\" srcset=\"https:\/\/araia.es\/wp-content\/uploads\/2024\/03\/Capturadepantalla2023-12-27alas9.56.10-1024x554.png 1024w, https:\/\/araia.es\/wp-content\/uploads\/2024\/03\/Capturadepantalla2023-12-27alas9.56.10-300x162.png 300w, https:\/\/araia.es\/wp-content\/uploads\/2024\/03\/Capturadepantalla2023-12-27alas9.56.10-768x415.png 768w, https:\/\/araia.es\/wp-content\/uploads\/2024\/03\/Capturadepantalla2023-12-27alas9.56.10-1536x830.png 1536w, https:\/\/araia.es\/wp-content\/uploads\/2024\/03\/Capturadepantalla2023-12-27alas9.56.10.png 1650w\" sizes=\"(max-width: 1024px) 100vw, 1024px\" \/>\t\t\t\t\t\t\t\t\t\t\t\t\t\t\t<\/div>\n\t\t\t\t<\/div>\n\t\t\t\t<\/div>\n\t\t<div class=\"elementor-element elementor-element-a6331fa e-con-full e-flex e-con e-child\" data-id=\"a6331fa\" data-element_type=\"container\">\n\t\t\t\t<div class=\"elementor-element elementor-element-b69e2df elementor-widget elementor-widget-heading\" data-id=\"b69e2df\" data-element_type=\"widget\" data-widget_type=\"heading.default\">\n\t\t\t\t<div class=\"elementor-widget-container\">\n\t\t\t\t\t<h2 class=\"elementor-heading-title elementor-size-default\">EL COMIDISTA<\/h2>\t\t\t\t<\/div>\n\t\t\t\t<\/div>\n\t\t\t\t<\/div>\n\t\t\t\t\t<\/div>\n\t\t\t\t<\/div>\n\t\t<div class=\"elementor-element elementor-element-484e2af e-flex e-con-boxed e-con e-parent\" data-id=\"484e2af\" data-element_type=\"container\" data-settings=\"{&quot;background_background&quot;:&quot;classic&quot;}\">\n\t\t\t\t\t<div class=\"e-con-inner\">\n\t\t<div class=\"elementor-element elementor-element-5db7bcf e-con-full e-flex e-con e-child\" data-id=\"5db7bcf\" data-element_type=\"container\">\n\t\t\t\t<div class=\"elementor-element elementor-element-d1c9198 elementor-widget elementor-widget-image\" data-id=\"d1c9198\" data-element_type=\"widget\" data-widget_type=\"image.default\">\n\t\t\t\t<div class=\"elementor-widget-container\">\n\t\t\t\t\t\t\t\t\t\t\t\t\t\t\t<img loading=\"lazy\" decoding=\"async\" width=\"1024\" height=\"697\" src=\"https:\/\/araia.es\/wp-content\/uploads\/2024\/03\/Capturadepantalla2022-10-08alas14.17.04-1024x697.png\" class=\"attachment-large size-large wp-image-329\" alt=\"\" srcset=\"https:\/\/araia.es\/wp-content\/uploads\/2024\/03\/Capturadepantalla2022-10-08alas14.17.04-1024x697.png 1024w, https:\/\/araia.es\/wp-content\/uploads\/2024\/03\/Capturadepantalla2022-10-08alas14.17.04-300x204.png 300w, https:\/\/araia.es\/wp-content\/uploads\/2024\/03\/Capturadepantalla2022-10-08alas14.17.04-768x523.png 768w, https:\/\/araia.es\/wp-content\/uploads\/2024\/03\/Capturadepantalla2022-10-08alas14.17.04-1536x1046.png 1536w, https:\/\/araia.es\/wp-content\/uploads\/2024\/03\/Capturadepantalla2022-10-08alas14.17.04-2048x1394.png 2048w\" sizes=\"(max-width: 1024px) 100vw, 1024px\" \/>\t\t\t\t\t\t\t\t\t\t\t\t\t\t\t<\/div>\n\t\t\t\t<\/div>\n\t\t\t\t<\/div>\n\t\t<div class=\"elementor-element elementor-element-79b69be e-con-full e-flex e-con e-child\" data-id=\"79b69be\" data-element_type=\"container\">\n\t\t\t\t<div class=\"elementor-element elementor-element-8342685 elementor-widget elementor-widget-heading\" data-id=\"8342685\" data-element_type=\"widget\" data-widget_type=\"heading.default\">\n\t\t\t\t<div class=\"elementor-widget-container\">\n\t\t\t\t\t<h2 class=\"elementor-heading-title elementor-size-default\">PLATE\n\nSELECTOR<\/h2>\t\t\t\t<\/div>\n\t\t\t\t<\/div>\n\t\t\t\t<\/div>\n\t\t\t\t\t<\/div>\n\t\t\t\t<\/div>\n\t\t<div class=\"elementor-element elementor-element-907be75 e-flex e-con-boxed e-con e-parent\" data-id=\"907be75\" data-element_type=\"container\" data-settings=\"{&quot;background_background&quot;:&quot;classic&quot;}\">\n\t\t\t\t\t<div class=\"e-con-inner\">\n\t\t<div class=\"elementor-element elementor-element-8d92064 e-con-full e-flex e-con e-child\" data-id=\"8d92064\" data-element_type=\"container\">\n\t\t\t\t<div class=\"elementor-element elementor-element-1bffcc0 elementor-widget elementor-widget-image\" data-id=\"1bffcc0\" data-element_type=\"widget\" data-widget_type=\"image.default\">\n\t\t\t\t<div class=\"elementor-widget-container\">\n\t\t\t\t\t\t\t\t\t\t\t\t\t\t\t<img loading=\"lazy\" decoding=\"async\" width=\"1024\" height=\"719\" src=\"https:\/\/araia.es\/wp-content\/uploads\/2024\/03\/Capturadepantalla2023-03-01alas10.58.48-1024x719.png\" class=\"attachment-large size-large wp-image-330\" alt=\"\" srcset=\"https:\/\/araia.es\/wp-content\/uploads\/2024\/03\/Capturadepantalla2023-03-01alas10.58.48-1024x719.png 1024w, https:\/\/araia.es\/wp-content\/uploads\/2024\/03\/Capturadepantalla2023-03-01alas10.58.48-300x211.png 300w, https:\/\/araia.es\/wp-content\/uploads\/2024\/03\/Capturadepantalla2023-03-01alas10.58.48-768x539.png 768w, https:\/\/araia.es\/wp-content\/uploads\/2024\/03\/Capturadepantalla2023-03-01alas10.58.48-1536x1079.png 1536w, https:\/\/araia.es\/wp-content\/uploads\/2024\/03\/Capturadepantalla2023-03-01alas10.58.48.png 1976w\" sizes=\"(max-width: 1024px) 100vw, 1024px\" \/>\t\t\t\t\t\t\t\t\t\t\t\t\t\t\t<\/div>\n\t\t\t\t<\/div>\n\t\t\t\t<\/div>\n\t\t<div class=\"elementor-element elementor-element-15f6c10 e-con-full e-flex e-con e-child\" data-id=\"15f6c10\" data-element_type=\"container\">\n\t\t\t\t<div class=\"elementor-element elementor-element-9b19332 elementor-widget elementor-widget-heading\" data-id=\"9b19332\" data-element_type=\"widget\" data-widget_type=\"heading.default\">\n\t\t\t\t<div class=\"elementor-widget-container\">\n\t\t\t\t\t<h2 class=\"elementor-heading-title elementor-size-default\">COND\u00c9 NAST TRAVELLER<\/h2>\t\t\t\t<\/div>\n\t\t\t\t<\/div>\n\t\t\t\t<\/div>\n\t\t\t\t\t<\/div>\n\t\t\t\t<\/div>\n\t\t<div class=\"elementor-element elementor-element-195a89d e-flex e-con-boxed e-con e-parent\" data-id=\"195a89d\" data-element_type=\"container\" data-settings=\"{&quot;background_background&quot;:&quot;classic&quot;}\">\n\t\t\t\t\t<div class=\"e-con-inner\">\n\t\t<div class=\"elementor-element elementor-element-9b68cd7 e-con-full e-flex e-con e-child\" data-id=\"9b68cd7\" data-element_type=\"container\">\n\t\t\t\t<div class=\"elementor-element elementor-element-b269fc6 elementor-widget elementor-widget-image\" data-id=\"b269fc6\" data-element_type=\"widget\" data-widget_type=\"image.default\">\n\t\t\t\t<div class=\"elementor-widget-container\">\n\t\t\t\t\t\t\t\t\t\t\t\t\t\t\t<img loading=\"lazy\" decoding=\"async\" width=\"1024\" height=\"925\" src=\"https:\/\/araia.es\/wp-content\/uploads\/2024\/03\/Capturadepantalla2022-10-03alas10.42.29-1024x925.png\" class=\"attachment-large size-large wp-image-332\" alt=\"\" srcset=\"https:\/\/araia.es\/wp-content\/uploads\/2024\/03\/Capturadepantalla2022-10-03alas10.42.29-1024x925.png 1024w, https:\/\/araia.es\/wp-content\/uploads\/2024\/03\/Capturadepantalla2022-10-03alas10.42.29-300x271.png 300w, https:\/\/araia.es\/wp-content\/uploads\/2024\/03\/Capturadepantalla2022-10-03alas10.42.29-768x694.png 768w, https:\/\/araia.es\/wp-content\/uploads\/2024\/03\/Capturadepantalla2022-10-03alas10.42.29-1536x1388.png 1536w, https:\/\/araia.es\/wp-content\/uploads\/2024\/03\/Capturadepantalla2022-10-03alas10.42.29.png 1702w\" sizes=\"(max-width: 1024px) 100vw, 1024px\" \/>\t\t\t\t\t\t\t\t\t\t\t\t\t\t\t<\/div>\n\t\t\t\t<\/div>\n\t\t\t\t<\/div>\n\t\t<div class=\"elementor-element elementor-element-62db489 e-con-full e-flex e-con e-child\" data-id=\"62db489\" data-element_type=\"container\">\n\t\t\t\t<div class=\"elementor-element elementor-element-b4348cc elementor-widget elementor-widget-heading\" data-id=\"b4348cc\" data-element_type=\"widget\" data-widget_type=\"heading.default\">\n\t\t\t\t<div class=\"elementor-widget-container\">\n\t\t\t\t\t<h2 class=\"elementor-heading-title elementor-size-default\">TIME OUT<\/h2>\t\t\t\t<\/div>\n\t\t\t\t<\/div>\n\t\t\t\t<\/div>\n\t\t\t\t\t<\/div>\n\t\t\t\t<\/div>\n\t\t<div class=\"elementor-element elementor-element-e5132a1 e-flex e-con-boxed e-con e-parent\" data-id=\"e5132a1\" data-element_type=\"container\" data-settings=\"{&quot;background_background&quot;:&quot;classic&quot;}\">\n\t\t\t\t\t<div class=\"e-con-inner\">\n\t\t<div class=\"elementor-element elementor-element-ceae8c9 e-con-full e-flex e-con e-child\" data-id=\"ceae8c9\" data-element_type=\"container\">\n\t\t\t\t<div class=\"elementor-element elementor-element-a6e4b71 elementor-widget elementor-widget-image\" data-id=\"a6e4b71\" data-element_type=\"widget\" data-widget_type=\"image.default\">\n\t\t\t\t<div class=\"elementor-widget-container\">\n\t\t\t\t\t\t\t\t\t\t\t\t\t\t\t<img loading=\"lazy\" decoding=\"async\" width=\"1024\" height=\"516\" src=\"https:\/\/araia.es\/wp-content\/uploads\/2024\/03\/Capturadepantalla2023-06-02alas13.43.03-1024x516.png\" class=\"attachment-large size-large wp-image-331\" alt=\"\" srcset=\"https:\/\/araia.es\/wp-content\/uploads\/2024\/03\/Capturadepantalla2023-06-02alas13.43.03-1024x516.png 1024w, https:\/\/araia.es\/wp-content\/uploads\/2024\/03\/Capturadepantalla2023-06-02alas13.43.03-300x151.png 300w, https:\/\/araia.es\/wp-content\/uploads\/2024\/03\/Capturadepantalla2023-06-02alas13.43.03-768x387.png 768w, https:\/\/araia.es\/wp-content\/uploads\/2024\/03\/Capturadepantalla2023-06-02alas13.43.03.png 1476w\" sizes=\"(max-width: 1024px) 100vw, 1024px\" \/>\t\t\t\t\t\t\t\t\t\t\t\t\t\t\t<\/div>\n\t\t\t\t<\/div>\n\t\t\t\t<\/div>\n\t\t<div class=\"elementor-element elementor-element-48a4a44 e-con-full e-flex e-con e-child\" data-id=\"48a4a44\" data-element_type=\"container\">\n\t\t\t\t<div class=\"elementor-element elementor-element-6e93050 elementor-widget elementor-widget-heading\" data-id=\"6e93050\" data-element_type=\"widget\" data-widget_type=\"heading.default\">\n\t\t\t\t<div class=\"elementor-widget-container\">\n\t\t\t\t\t<h2 class=\"elementor-heading-title elementor-size-default\">RESY<\/h2>\t\t\t\t<\/div>\n\t\t\t\t<\/div>\n\t\t\t\t<\/div>\n\t\t\t\t\t<\/div>\n\t\t\t\t<\/div>\n\t\t<div class=\"elementor-element elementor-element-4dfa38f e-flex e-con-boxed e-con e-parent\" data-id=\"4dfa38f\" data-element_type=\"container\" data-settings=\"{&quot;background_background&quot;:&quot;classic&quot;}\">\n\t\t\t\t\t<div class=\"e-con-inner\">\n\t\t<div class=\"elementor-element elementor-element-3f046fb e-con-full e-flex e-con e-child\" data-id=\"3f046fb\" data-element_type=\"container\">\n\t\t\t\t<div class=\"elementor-element elementor-element-e126af2 elementor-widget elementor-widget-image\" data-id=\"e126af2\" data-element_type=\"widget\" data-widget_type=\"image.default\">\n\t\t\t\t<div class=\"elementor-widget-container\">\n\t\t\t\t\t\t\t\t\t\t\t\t\t\t\t<img loading=\"lazy\" decoding=\"async\" width=\"1024\" height=\"549\" src=\"https:\/\/araia.es\/wp-content\/uploads\/2024\/03\/CapturadePantalla2023-12-05alas19.23.26-1024x549.png\" class=\"attachment-large size-large wp-image-333\" alt=\"\" srcset=\"https:\/\/araia.es\/wp-content\/uploads\/2024\/03\/CapturadePantalla2023-12-05alas19.23.26-1024x549.png 1024w, https:\/\/araia.es\/wp-content\/uploads\/2024\/03\/CapturadePantalla2023-12-05alas19.23.26-300x161.png 300w, https:\/\/araia.es\/wp-content\/uploads\/2024\/03\/CapturadePantalla2023-12-05alas19.23.26-768x412.png 768w, https:\/\/araia.es\/wp-content\/uploads\/2024\/03\/CapturadePantalla2023-12-05alas19.23.26-1536x824.png 1536w, https:\/\/araia.es\/wp-content\/uploads\/2024\/03\/CapturadePantalla2023-12-05alas19.23.26.png 1824w\" sizes=\"(max-width: 1024px) 100vw, 1024px\" \/>\t\t\t\t\t\t\t\t\t\t\t\t\t\t\t<\/div>\n\t\t\t\t<\/div>\n\t\t\t\t<\/div>\n\t\t<div class=\"elementor-element elementor-element-440a8f3 e-con-full e-flex e-con e-child\" data-id=\"440a8f3\" data-element_type=\"container\">\n\t\t\t\t<div class=\"elementor-element elementor-element-4d7ae7d elementor-widget elementor-widget-heading\" data-id=\"4d7ae7d\" data-element_type=\"widget\" data-widget_type=\"heading.default\">\n\t\t\t\t<div class=\"elementor-widget-container\">\n\t\t\t\t\t<h2 class=\"elementor-heading-title elementor-size-default\">LA RAZ\u00d3N<\/h2>\t\t\t\t<\/div>\n\t\t\t\t<\/div>\n\t\t\t\t<\/div>\n\t\t\t\t\t<\/div>\n\t\t\t\t<\/div>\n\t\t\t\t<\/div>","protected":false},"excerpt":{"rendered":"<p>Prensa FORBES COND\u00c9 NAST TRAVELLER EL COMIDISTA PLATE SELECTOR COND\u00c9 NAST TRAVELLER TIME OUT RESY LA RAZ\u00d3N<\/p>","protected":false},"author":1,"featured_media":0,"parent":0,"menu_order":0,"comment_status":"closed","ping_status":"closed","template":"","meta":{"site-sidebar-layout":"no-sidebar","site-content-layout":"","ast-site-content-layout":"full-width-container","site-content-style":"default","site-sidebar-style":"default","ast-global-header-display":"","ast-banner-title-visibility":"","ast-main-header-display":"","ast-hfb-above-header-display":"","ast-hfb-below-header-display":"","ast-hfb-mobile-header-display":"","site-post-title":"disabled","ast-breadcrumbs-content":"","ast-featured-img":"disabled","footer-sml-layout":"","theme-transparent-header-meta":"","adv-header-id-meta":"","stick-header-meta":"","header-above-stick-meta":"","header-main-stick-meta":"","header-below-stick-meta":"","astra-migrate-meta-layouts":"default","ast-page-background-enabled":"default","ast-page-background-meta":{"desktop":{"background-color":"var(--ast-global-color-5)","background-image":"","background-repeat":"repeat","background-position":"center center","background-size":"auto","background-attachment":"scroll","background-type":"","background-media":"","overlay-type":"","overlay-color":"","overlay-opacity":"","overlay-gradient":""},"tablet":{"background-color":"","background-image":"","background-repeat":"repeat","background-position":"center center","background-size":"auto","background-attachment":"scroll","background-type":"","background-media":"","overlay-type":"","overlay-color":"","overlay-opacity":"","overlay-gradient":""},"mobile":{"background-color":"","background-image":"","background-repeat":"repeat","background-position":"center center","background-size":"auto","background-attachment":"scroll","background-type":"","background-media":"","overlay-type":"","overlay-color":"","overlay-opacity":"","overlay-gradient":""}},"ast-content-background-meta":{"desktop":{"background-color":"var(--ast-global-color-4)","background-image":"","background-repeat":"repeat","background-position":"center center","background-size":"auto","background-attachment":"scroll","background-type":"","background-media":"","overlay-type":"","overlay-color":"","overlay-opacity":"","overlay-gradient":""},"tablet":{"background-color":"var(--ast-global-color-4)","background-image":"","background-repeat":"repeat","background-position":"center center","background-size":"auto","background-attachment":"scroll","background-type":"","background-media":"","overlay-type":"","overlay-color":"","overlay-opacity":"","overlay-gradient":""},"mobile":{"background-color":"var(--ast-global-color-4)","background-image":"","background-repeat":"repeat","background-position":"center center","background-size":"auto","background-attachment":"scroll","background-type":"","background-media":"","overlay-type":"","overlay-color":"","overlay-opacity":"","overlay-gradient":""}},"footnotes":""},"class_list":["post-322","page","type-page","status-publish","hentry"],"_links":{"self":[{"href":"https:\/\/araia.es\/en\/wp-json\/wp\/v2\/pages\/322","targetHints":{"allow":["GET"]}}],"collection":[{"href":"https:\/\/araia.es\/en\/wp-json\/wp\/v2\/pages"}],"about":[{"href":"https:\/\/araia.es\/en\/wp-json\/wp\/v2\/types\/page"}],"author":[{"embeddable":true,"href":"https:\/\/araia.es\/en\/wp-json\/wp\/v2\/users\/1"}],"replies":[{"embeddable":true,"href":"https:\/\/araia.es\/en\/wp-json\/wp\/v2\/comments?post=322"}],"version-history":[{"count":0,"href":"https:\/\/araia.es\/en\/wp-json\/wp\/v2\/pages\/322\/revisions"}],"wp:attachment":[{"href":"https:\/\/araia.es\/en\/wp-json\/wp\/v2\/media?parent=322"}],"curies":[{"name":"wp","href":"https:\/\/api.w.org\/{rel}","templated":true}]}}